{"id":3,"date":"2025-10-15T09:23:59","date_gmt":"2025-10-15T09:23:59","guid":{"rendered":"https:\/\/artofsushi.hu\/istvan\/?page_id=3"},"modified":"2026-04-04T05:28:31","modified_gmt":"2026-04-04T04:28:31","slug":"adatkezelesi-tajekoztato","status":"publish","type":"page","link":"https:\/\/artofsushi.hu\/istvan\/adatkezelesi-tajekoztato\/","title":{"rendered":"Adatkezel\u00e9si t\u00e1j\u00e9koztat\u00f3"},"content":{"rendered":"\t\t<div data-elementor-type=\"wp-page\" data-elementor-id=\"3\" class=\"elementor elementor-3\" data-elementor-post-type=\"page\">\n\t\t\t\t<div class=\"elementor-element elementor-element-5cc06867 e-flex e-con-boxed e-con e-parent\" data-id=\"5cc06867\" data-element_type=\"container\" data-e-type=\"container\">\n\t\t\t\t\t<div class=\"e-con-inner\">\n\t\t\t\t<div class=\"elementor-element elementor-element-50e98d2b elementor-widget elementor-widget-text-editor\" data-id=\"50e98d2b\" data-element_type=\"widget\" data-e-type=\"widget\" data-widget_type=\"text-editor.default\">\n\t\t\t\t\t\t\t\t\t\n<p>Adatkezel\u00e9si t\u00e1j\u00e9koztat\u00f3<\/p>\n<p>1. Az adatkezel\u0151 adatai<br \/>Az adatkezel\u0151:<br \/>Art of Sushi \u00c9tterem<\/p>\n<p>C\u00edm:<br \/>Budapest, Sas u 4, 1051 <br \/>Budapest, Liszt Ferenc t\u00e9r 5, 1061<\/p>\n<p>Telefonsz\u00e1m:<br \/>+36 30 516 1606<\/p>\n<p>E-mail:<br \/>istvan@artofsushi.hu<\/p>\n<p>2. A kezelt szem\u00e9lyes adatok k\u00f6re<br \/>A weboldalon (https:\/\/artofsushi.hu\/istvan\/) tal\u00e1lhat\u00f3 online foglal\u00e1si \u0171rlap haszn\u00e1lata sor\u00e1n az al\u00e1bbi szem\u00e9lyes adatokat gy\u0171jtj\u00fck:<\/p>\n<p>&#8211; N\u00e9v <br \/>&#8211; E-mail c\u00edm <br \/>&#8211; Telefonsz\u00e1m <br \/>&#8211; Foglal\u00e1s d\u00e1tuma \u00e9s id\u0151pontja <br \/>&#8211; Vend\u00e9gek sz\u00e1ma <br \/>&#8211; Egy\u00e9b megjegyz\u00e9sek<\/p>\n<p>3. Az adatkezel\u00e9s c\u00e9lja<br \/>Az adatkezel\u00e9s c\u00e9lja:<\/p>\n<p>&#8211; asztalfoglal\u00e1s r\u00f6gz\u00edt\u00e9se <br \/>&#8211; kapcsolatfelv\u00e9tel a vend\u00e9ggel <br \/>&#8211; foglal\u00e1s visszaigazol\u00e1sa<\/p>\n<p>4. Az adatkezel\u00e9s jogalapja<br \/>Az adatkezel\u00e9s jogalapja az \u00e9rintett hozz\u00e1j\u00e1rul\u00e1sa (GDPR 6. cikk (1) a)).<\/p>\n<p>5. Az adatok t\u00e1rol\u00e1s\u00e1nak id\u0151tartama<br \/>A szem\u00e9lyes adatokat legfeljebb 30 napig t\u00e1roljuk a foglal\u00e1s teljes\u00edt\u00e9s\u00e9t k\u00f6vet\u0151en, kiv\u00e9ve, ha jogszab\u00e1ly hosszabb meg\u0151rz\u00e9st \u00edr el\u0151.<\/p>\n<p>6. Adattov\u00e1bb\u00edt\u00e1s<br \/>Az adatokat harmadik f\u00e9l r\u00e9sz\u00e9re nem adjuk \u00e1t, kiv\u00e9ve ha azt jogszab\u00e1ly k\u00f6telez\u0151en el\u0151\u00edrja.<\/p>\n<p>7. Az \u00e9rintettek jogai<br \/>Az \u00e9rintett jogosult:<\/p>\n<p>&#8211; t\u00e1j\u00e9koztat\u00e1st k\u00e9rni szem\u00e9lyes adatai kezel\u00e9s\u00e9r\u0151l <br \/>&#8211; k\u00e9rni azok helyesb\u00edt\u00e9s\u00e9t <br \/>&#8211; k\u00e9rni azok t\u00f6rl\u00e9s\u00e9t <br \/>&#8211; tiltakozni az adatkezel\u00e9s ellen<\/p>\n<p>K\u00e9relm\u00e9t az al\u00e1bbi e-mail c\u00edmen ny\u00fajthatja be.<\/p>\n<p>8. Adatbiztons\u00e1g<br \/>Megfelel\u0151 technikai \u00e9s szervez\u00e9si int\u00e9zked\u00e9seket alkalmazunk az adatok v\u00e9delme \u00e9rdek\u00e9ben.<\/p>\n<p>9. Cookie-k<br \/>A weboldal s\u00fctiket haszn\u00e1lhat a felhaszn\u00e1l\u00f3i \u00e9lm\u00e9ny jav\u00edt\u00e1sa \u00e9rdek\u00e9ben.<\/p>\t\t\t\t\t\t\t\t<\/div>\n\t\t\t\t\t<\/div>\n\t\t\t\t<\/div>\n\t\t\t\t<\/div>\n\t\t","protected":false},"excerpt":{"rendered":"<p>Adatkezel\u00e9si t\u00e1j\u00e9koztat\u00f3 1. Az adatkezel\u0151 adataiAz adatkezel\u0151:Art of Sushi \u00c9tterem C\u00edm:Budapest, Sas u 4, 1051 Budapest, Liszt Ferenc t\u00e9r 5, 1061 Telefonsz\u00e1m:+36 30 516 1606 E-mail:istvan@artofsushi.hu 2. A kezelt szem\u00e9lyes adatok k\u00f6reA weboldalon (https:\/\/artofsushi.hu\/istvan\/) tal\u00e1lhat\u00f3 online foglal\u00e1si \u0171rlap haszn\u00e1lata sor\u00e1n az al\u00e1bbi szem\u00e9lyes adatokat gy\u0171jtj\u00fck: &#8211; N\u00e9v &#8211; E-mail c\u00edm &#8211; Telefonsz\u00e1m &#8211; Foglal\u00e1s d\u00e1tuma [&hellip;]<\/p>\n","protected":false},"author":1,"featured_media":0,"parent":0,"menu_order":0,"comment_status":"closed","ping_status":"closed","template":"","meta":{"site-sidebar-layout":"default","site-content-layout":"","ast-site-content-layout":"default","site-content-style":"default","site-sidebar-style":"default","ast-global-header-display":"","ast-banner-title-visibility":"","ast-main-header-display":"","ast-hfb-above-header-display":"","ast-hfb-below-header-display":"","ast-hfb-mobile-header-display":"","site-post-title":"","ast-breadcrumbs-content":"","ast-featured-img":"","footer-sml-layout":"","theme-transparent-header-meta":"","adv-header-id-meta":"","stick-header-meta":"","header-above-stick-meta":"","header-main-stick-meta":"","header-below-stick-meta":"","astra-migrate-meta-layouts":"default","ast-page-background-enabled":"default","ast-page-background-meta":{"desktop":{"background-color":"","background-image":"","background-repeat":"repeat","background-position":"center center","background-size":"auto","background-attachment":"scroll","background-type":"","background-media":"","overlay-type":"","overlay-color":"","overlay-opacity":"","overlay-gradient":""},"tablet":{"background-color":"","background-image":"","background-repeat":"repeat","background-position":"center center","background-size":"auto","background-attachment":"scroll","background-type":"","background-media":"","overlay-type":"","overlay-color":"","overlay-opacity":"","overlay-gradient":""},"mobile":{"background-color":"","background-image":"","background-repeat":"repeat","background-position":"center center","background-size":"auto","background-attachment":"scroll","background-type":"","background-media":"","overlay-type":"","overlay-color":"","overlay-opacity":"","overlay-gradient":""}},"ast-content-background-meta":{"desktop":{"background-color":"var(--ast-global-color-5)","background-image":"","background-repeat":"repeat","background-position":"center center","background-size":"auto","background-attachment":"scroll","background-type":"","background-media":"","overlay-type":"","overlay-color":"","overlay-opacity":"","overlay-gradient":""},"tablet":{"background-color":"var(--ast-global-color-5)","background-image":"","background-repeat":"repeat","background-position":"center center","background-size":"auto","background-attachment":"scroll","background-type":"","background-media":"","overlay-type":"","overlay-color":"","overlay-opacity":"","overlay-gradient":""},"mobile":{"background-color":"var(--ast-global-color-5)","background-image":"","background-repeat":"repeat","background-position":"center center","background-size":"auto","background-attachment":"scroll","background-type":"","background-media":"","overlay-type":"","overlay-color":"","overlay-opacity":"","overlay-gradient":""}},"footnotes":""},"class_list":["post-3","page","type-page","status-publish","hentry"],"_links":{"self":[{"href":"https:\/\/artofsushi.hu\/istvan\/wp-json\/wp\/v2\/pages\/3","targetHints":{"allow":["GET"]}}],"collection":[{"href":"https:\/\/artofsushi.hu\/istvan\/wp-json\/wp\/v2\/pages"}],"about":[{"href":"https:\/\/artofsushi.hu\/istvan\/wp-json\/wp\/v2\/types\/page"}],"author":[{"embeddable":true,"href":"https:\/\/artofsushi.hu\/istvan\/wp-json\/wp\/v2\/users\/1"}],"replies":[{"embeddable":true,"href":"https:\/\/artofsushi.hu\/istvan\/wp-json\/wp\/v2\/comments?post=3"}],"version-history":[{"count":4,"href":"https:\/\/artofsushi.hu\/istvan\/wp-json\/wp\/v2\/pages\/3\/revisions"}],"predecessor-version":[{"id":1226,"href":"https:\/\/artofsushi.hu\/istvan\/wp-json\/wp\/v2\/pages\/3\/revisions\/1226"}],"wp:attachment":[{"href":"https:\/\/artofsushi.hu\/istvan\/wp-json\/wp\/v2\/media?parent=3"}],"curies":[{"name":"wp","href":"https:\/\/api.w.org\/{rel}","templated":true}]}}